{"id":84,"date":"2015-09-09T14:06:55","date_gmt":"2015-09-09T14:06:55","guid":{"rendered":"http:\/\/new.buerger-fuer-eching.de\/?page_id=84"},"modified":"2016-08-01T20:00:34","modified_gmt":"2016-08-01T20:00:34","slug":"satzung","status":"publish","type":"page","link":"https:\/\/new.buerger-fuer-eching.de\/?page_id=84","title":{"rendered":"Satzung"},"content":{"rendered":"<h1 style=\"text-align: left;\"><strong>Satzung<\/strong><br \/>\n\u201eB\u00fcrger f\u00fcr Eching e.V.\u201c<\/h1>\n<p>&nbsp;<\/p>\n<h2><strong>\u00a7 1 Name und Sitz<\/strong><\/h2>\n<p>(1) Der gegr\u00fcndete Verein tr\u00e4gt den Namen:<br \/>\n\u201cB\u00fcrger f\u00fcr Eching e.V.\u201c (abgek\u00fcrzt BfE). Er ist eingetragen im Vereinsregister des<br \/>\nAmtsgerichts M\u00fcnchen unter der Nummer: VR 203066<br \/>\n(2) Er hat seinen Sitz in der Gemeinde 85386 Eching<\/p>\n<h2><strong>\u00a7 2 Zweck und Ziel<\/strong><\/h2>\n<p>Der Verein \u201cB\u00fcrger f\u00fcr Eching e.V.\u201c wirkt in der Kommunalpolitik zum Wohle aller<br \/>\nB\u00fcrger unter Wahrung einer strengen parteipolitischen Neutralit\u00e4t.<br \/>\nDer Verein wirkt in allen kommunalpolitischen Angelegenheiten mit und zwar<br \/>\nausschlie\u00dflich nach sachbezogenen, parteipolitisch unabh\u00e4ngigen und ideologisch<br \/>\nfreien Grunds\u00e4tzen.<br \/>\nZu den Zielen geh\u00f6ren insbesondere:<br \/>\n&#8211; die Aufstellung von parteilosen Kandidaten zu Kommunalwahlen,<br \/>\n&#8211; die Planung, Sicherung, Erhaltung und F\u00f6rderung menschengerechter<br \/>\nLebensbedingungen in der Gemeinde,<br \/>\n&#8211; Information und Aufkl\u00e4rung \u00fcber wichtige kommunalpolitische Vorg\u00e4nge.<\/p>\n<h2><strong>\u00a7 3 Mitgliedschaft<\/strong><\/h2>\n<p>(1) Mitglieder k\u00f6nnen alle nat\u00fcrlichen Personen werden, welche die<br \/>\nStaatsangeh\u00f6rigkeit eines EU-Staates besitzen, das 18. Lebensjahr vollendet haben<br \/>\nund die Ziele des Vereins unterst\u00fctzen.<br \/>\nDie aktive Mitgliedschaft in einer konkurrierenden politischen Partei oder<br \/>\nW\u00e4hlergruppe auf Gemeindeebene schlie\u00dft den Beitritt und die Mitgliedschaft im<br \/>\nVerein aus.<br \/>\n(2) Die Mitgliedschaft wird durch schriftliche Anmeldung beantragt. Der Vorstand<br \/>\nmuss hier\u00fcber informiert werden. Mit dem Geldeingang des ersten Beitrages wird<br \/>\ndie Aufnahme wirksam, wenn sie nicht innerhalb von sechs Monaten durch den<br \/>\nVorstand abgelehnt wird.<br \/>\n(3) Zum Ehrenmitglied kann eine Person ernannt werden, die sich um den Verein<br \/>\nbesonders verdient gemacht hat. Die Ernennung erfolgt auf Vorschlag des<br \/>\nVorstandes durch die Mitgliederversammlung.<\/p>\n<h2><strong>\u00a7 4 Beendigung der Mitgliedschaft<\/strong><\/h2>\n<p>(1) Die Mitgliedschaft wird beendet durch:<br \/>\na) Austritt,<br \/>\nb) Ausschluss,<br \/>\nc) Streichung,<br \/>\nd) Tod.<br \/>\n(2) Der Austritt kann jederzeit erfolgen und ist sofort wirksam. Bei den<br \/>\nVorstandsmitgliedern wird der Austritt erst wirksam mit der Entlastung in der<br \/>\nn\u00e4chsten Mitgliederversammlung.<br \/>\nDie Austrittserkl\u00e4rung bedarf einer Schriftform.<br \/>\nDer bereits gezahlte Beitrag wird nicht r\u00fcckerstattet.<br \/>\n(3) Die Streichung erfolgt auf Beschluss des Vorstandes bei Beitragsr\u00fcckstand. Ein<br \/>\nBeitragsr\u00fcckstand gilt als gegeben, wenn das Mitglied auf schriftliche Mahnung<br \/>\ninnerhalb drei Monaten den R\u00fcckstand nicht ausgleicht.<br \/>\n(4) Bei Versto\u00df gegen die Interessen des Vereins oder bei Sch\u00e4digung des<br \/>\nAnsehens des Vereins kann die Mitgliederversammlung auf Antrag mit Begr\u00fcndung<br \/>\nan den Vorstand ein Mitglied mit einfacher Mehrheit ausschlie\u00dfen. Ein wichtiger<br \/>\nGrund f\u00fcr einen Vereinsausschluss liegt insbesondere vor, wenn das Mitglied<br \/>\na) andere Mitglieder massiv beleidigt oder in ihrer Ehre verletzt;<br \/>\nb) Straftaten zu Lasten des Vereins oder seiner Mitglieder begeht;<br \/>\nc) sich in der \u00d6ffentlichkeit wiederholt negativ oder beleidigend \u00fcber den Verein<br \/>\n\u00e4u\u00dfert.<br \/>\nVor Beschlussfassung \u00fcber den Ausschluss ist dem betroffenen Mitglied unter<br \/>\nSetzung einer angemessenen Frist Gelegenheit zu geben, sich zu rechtfertigen. Der<br \/>\nAusschluss muss schriftlich mitgeteilt werden.<br \/>\n(5) Nach Erl\u00f6schen der Mitgliedschaft enden alle Rechte des Mitglieds. Die<br \/>\nVerpflichtung zur Zahlung ausstehender Beitr\u00e4ge bleibt bestehen.<\/p>\n<h2><strong>\u00a7 5 Mitgliedsbeitr\u00e4ge<\/strong><\/h2>\n<p>Von den Mitgliedern werden Beitr\u00e4ge erhoben. Die H\u00f6he des Mitgliedsbeitrages wird<br \/>\nauf Vorschlag des Vorstandes durch die Mitgliederversammlung festgesetzt.<br \/>\nDie Betr\u00e4ge sind immer in den ersten beiden Monaten eines Jahres f\u00e4llig.<\/p>\n<h2><strong>\u00a7 6 Organe des Vereins<\/strong><\/h2>\n<p>Organe des Vereins sind:<br \/>\n(1) die Mitgliederversammlung<br \/>\n(2) der Vorstand.<\/p>\n<h2><strong>\u00a7 7 Mitgliederversammlung<\/strong><\/h2>\n<p>(1) Die Mitgliederversammlung besteht aus der Gesamtheit der erschienenen<br \/>\nMitglieder. Allj\u00e4hrlich im ersten Halbjahr hat eine ordentliche Mitgliederversammlung<br \/>\nstattzufinden. Ihr obliegt vor allem:<br \/>\na) Die Entgegennahme des Jahresberichtes, des Kassenberichtes und des<br \/>\nRevisionsberichtes,<br \/>\nb) Aussprache \u00fcber die Berichte,<br \/>\nc) die Entlastung des Vorstandes,<br \/>\nd) die turnusm\u00e4\u00dfige Wahl der Mitglieder des Vorstandes,<br \/>\ne) die Bestellung und Abberufung von Vorstandsmitgliedern,<br \/>\nf) die Festsetzung der Mitgliedsbeitr\u00e4ge,<br \/>\ng) die Beschlussfassung \u00fcber Satzungs\u00e4nderungen und \u00fcber die Aufl\u00f6sung des<br \/>\nVereins,<br \/>\nh) die Ernennung von Ehrenmitgliedern,<br \/>\ni) der Ausschluss von Mitgliedern,<br \/>\nj) die turnusm\u00e4\u00dfige Wahl des Revisors.<br \/>\n(2) Au\u00dferordentliche Mitgliederversammlungen sind vom ersten Vorsitzenden unter<br \/>\nAngabe der Tagesordnung einzuberufen, wenn das Interesse des Vereins es<br \/>\nerfordert oder eine Einberufung von einem Drittel aller Vereinsmitglieder schriftlich<br \/>\nunter Angabe des Zwecks und der Gr\u00fcnde beim Vorstand gefordert wird. Diese ist<br \/>\nvom ersten Vorsitzenden innerhalb von drei Wochen nach Eingang des Antrages<br \/>\neinzuberufen.<br \/>\n(3) Die Mitgliederversammlungen sind vom ersten Vorsitzenden schriftlich unter<br \/>\nAngabe der Tagesordnung und unter Einhaltung einer Frist von mindestens drei<br \/>\nWochen einzuberufen.<br \/>\nAntr\u00e4ge zur Mitgliederversammlung m\u00fcssen mindestens zwei Wochen vorher<br \/>\nschriftlich beim ersten Vorsitzenden eingereicht werden.<br \/>\nSp\u00e4testens eine Woche vor der Versammlung muss den Mitgliedern dann eine<br \/>\netwaige ge\u00e4nderte Tagesordnung zugeleitet werden.<br \/>\n(4) Die Mitgliederversammlung fasst Beschl\u00fcsse mit einfacher Stimmenmehrheit der<br \/>\nerschienenen Mitglieder. Zu Satzungs\u00e4nderungen ist jedoch eine Stimmenmehrheit<br \/>\nvon 2\/3 der erschienenen Mitglieder erforderlich. Bei Stimmengleichheit gilt der<br \/>\nAntrag als abgelehnt.<br \/>\n(5) Jedes Mitglied des Vereins hat in der Mitgliederversammlung eine Stimme.<br \/>\nAbstimmungen werden durch Erheben der Hand vorgenommen. Auf Antrag kann<br \/>\nauch geheime Abstimmung mittels Stimmzettel erfolgen. Wahlen werden geheim<br \/>\nmittels Stimmzettel durchgef\u00fchrt.<br \/>\nEhrenmitglieder k\u00f6nnen an der Mitgliederversammlung mit beratender Stimme<br \/>\nteilnehmen. Ehrenmitglieder sind nicht wahlberechtigt.<br \/>\n(6) Die Mitgliederversammlungen werden vom ersten Vorsitzenden<br \/>\n(Versammlungsleiter) geleitet. In Ausnahmef\u00e4llen kann ein Versammlungsleiter aus<br \/>\nden anwesenden Mitgliedern bestimmt werden.<br \/>\n(7) \u00dcber Antr\u00e4ge auf \u00c4nderung der Tagesordnung, die erst in der<br \/>\nMitgliederversammlung gestellt werden, beschlie\u00dft die Mitgliederversammlung. Zur<br \/>\nAnnahme des Antrags ist die einfache Mehrheit der abgegebenen g\u00fcltigen Stimmen<br \/>\nerforderlich.<br \/>\n(8) F\u00fcr die Wahlen wird bestimmt:<br \/>\na) Die Mitgliederversammlung w\u00e4hlt durch Handaufheben einen Wahlausschuss, der<br \/>\naus dem Wahlleiter und zwei Wahlhelfern besteht. Der Wahlleiter leitet die Wahl. Die<br \/>\nWahlhelfer z\u00e4hlen die Stimmen aus. Der Wahlleiter gibt das Wahlergebnis bekannt,<br \/>\nfertigt das Wahlprotokoll an und fragt die Gew\u00e4hlten, ob sie die Wahl annehmen.<br \/>\nb) Gew\u00e4hlt ist, wer bei der Abstimmung mehr als die H\u00e4lfte der abgegebenen<br \/>\nStimmen der erschienenen Mitglieder erh\u00e4lt. Erreicht im ersten Wahlgang keiner der<br \/>\nBewerber die erforderliche Stimmenzahl, findet ein zweiter Wahlgang statt, in dem<br \/>\ngew\u00e4hlt wird, wer die meisten abgegebenen Stimmen erh\u00e4lt.<br \/>\n(9) \u00dcber die Sitzungen der Mitgliederversammlung ist eine Niederschrift anzufertigen,<br \/>\ndie von dem Schriftf\u00fchrer und dem Vorsitzenden zu unterzeichnen ist. Diese<br \/>\nNiederschrift muss den Mitgliedern innerhalb von zwei Wochen zug\u00e4nglich gemacht<br \/>\nwerden. Einwendungen k\u00f6nnen nur innerhalb eines Monats nach Versenden der<br \/>\nNiederschrift erhoben werden.<\/p>\n<h2><strong>\u00a7 8 Vorstand<\/strong><\/h2>\n<p>(1) Der Vorstand setzt sich zusammen aus:<br \/>\na) dem ersten Vorsitzenden<br \/>\nb) dem zweiten Vorsitzenden<br \/>\nc) dem Kassier<br \/>\nd) dem Schriftf\u00fchrer.<br \/>\n(2) der Verein wird gerichtlich und au\u00dfergerichtlich vertreten (\u00a726 BGB) durch den<br \/>\nersten und zweiten Vorsitzenden. Sie sind einzeln vertretungsberechtigt.<br \/>\n(3) im Innenverh\u00e4ltnis wird bestimmt, dass<br \/>\na) der zweite Vorsitzende den ersten Vorsitzenden und<br \/>\nb) je ein weiteres Vorstandsmitglied den ersten oder den zweiten Vorsitzenden nur<br \/>\nbei deren Verhinderung vertritt.<br \/>\n(4) Die Vorstandsmitglieder werden von der Mitgliederversammlung auf die Dauer<br \/>\nvon drei Jahren einzeln und in ein bestimmtes Amt gew\u00e4hlt.<br \/>\nSie bleiben bis zur Neuwahl des Vorstandes im Amt. Eine Wiederwahl ist zul\u00e4ssig.<br \/>\n(5) Legt ein Vorstandsmitglied innerhalb der Wahlperiode sein Amt nieder, so kann<br \/>\nder verbleibende Vorstand bis zur n\u00e4chsten Mitgliederversammlung ein<br \/>\nErsatzmitglied kommissarisch berufen. Der Vorstand ist auch beschlussf\u00e4hig, wenn<br \/>\nnicht alle Vorstands\u00e4mter besetzt sind.<br \/>\n(6) Der Vorstand hat folgende Aufgaben:<br \/>\nDer Vorstand f\u00fchrt die Gesch\u00e4fte des Vereins. Er f\u00fchrt sie ehrenamtlich und im Sinne<br \/>\nseiner Funktionen.<br \/>\nDem ersten oder zweiten Vorsitzenden obliegen insbesondere:<br \/>\na) Die Einberufung und Leitung der Mitgliederversammlungen und der<br \/>\nVorstandssitzungen.<br \/>\nb) Die Umsetzung der Beschl\u00fcsse der Mitgliederversammlung und der<br \/>\nVorstandssitzungen.<br \/>\n(7) Die Vorstandssitzungen sind mindestens einmal im Jahr &#8211; im \u00dcbrigen nach Bedarf<br \/>\n&#8211; oder auf begr\u00fcndeten Antrag von mindestens einem Drittel der Vorstandsmitglieder<br \/>\nschriftlich mit einer Frist von einer Woche einzuberufen.<br \/>\n(8) Der Vorstand fasst seine Beschl\u00fcsse mit einfacher Stimmenmehrheit der<br \/>\nanwesenden Vorstandsmitglieder. Bei Stimmengleichheit ist die Stimme des ersten<br \/>\nVorsitzenden ausschlaggebend.<br \/>\n(9) Der Vorstand ist beschlussf\u00e4hig, wenn alle Vorstandsmitglieder schriftlich und<br \/>\nfristgem\u00e4\u00df eingeladen worden sind und mehr als die H\u00e4lfte von ihnen anwesend ist,<br \/>\nauf jeden Fall der erste oder zweite Vorsitzende.<br \/>\n(10) Der Schriftf\u00fchrer fertigt das Protokoll der Vorstandssitzung und der<br \/>\nMitgliederversammlung an. Diese Protokolle werden in der jeweils folgenden<br \/>\nVorstands- bzw. Mitgliederversammlung vorgelegt und genehmigt.<br \/>\n(11) Der Kassier hat alle Einnahmen und Ausgaben des Vereins buch- und<br \/>\nkassenm\u00e4\u00dfig zu behandeln, am Jahresschluss Rechnung zu legen und das<br \/>\nVereinsverm\u00f6gen zu verwalten.<br \/>\n(12) Beschl\u00fcsse des Vorstands k\u00f6nnen bei Eilbed\u00fcrftigkeit auch per E-Mail gefasst<br \/>\nwerden. Das Ergebnis eines so gefassten Beschlusses ist unverz\u00fcglich durch ein<br \/>\nMitglied des Vorstands schriftlich zu fixieren und allen Vorstandsmitgliedern<br \/>\nzuzusenden.<\/p>\n<h2><strong>\u00a7 9 Revision<\/strong><\/h2>\n<p>(1) Von der Mitgliederversammlung wird ein Revisor auf die Dauer von drei Jahren<br \/>\ngew\u00e4hlt. W\u00e4hlbar sind nur Vereinsmitglieder. Sie bleiben im Amt bis zur Neuwahl.<br \/>\nDer Revisor ist kein Vorstandsmitglied.<br \/>\n(2) Der Revisor ist verpflichtet und jederzeit berechtigt, die Rechnungsbelege, die<br \/>\nEintragungen im Kassenbuch und das Vereinsverm\u00f6gen nach freiem Ermessen oder<br \/>\nauf Verlangen des Vorstandes &#8211; j\u00e4hrlich mindestens einmal &#8211; zu pr\u00fcfen.<br \/>\nNach Abschluss des Gesch\u00e4ftsjahres ist er zu einer ordnungsgem\u00e4\u00dfen Pr\u00fcfung des<br \/>\ngesamten Rechnungswesens des Vereins verpflichtet.<br \/>\n(3) \u00dcber jede Pr\u00fcfung ist eine Niederschrift aufzunehmen, die dem Vorstand zu<br \/>\n\u00fcbergeben ist. Der Revisor erstattet in der Mitgliederversammlung Bericht.<\/p>\n<h2><strong>\u00a7 10 Datenschutz<\/strong><\/h2>\n<p>Jeder Verein ist zum Schutz der Daten seiner Mitglieder nach dem<br \/>\nBundesdatenschutzgesetz (BDSG) verpflichtet. Aus diesem Grund erhebt der Verein<br \/>\nim Rahmen der Mitgliederverwaltung nur jene Daten, welche f\u00fcr die<br \/>\nMitgliederverwaltung tats\u00e4chlich ben\u00f6tigt werden. Diese Daten werden im Rahmen<br \/>\nder Mitgliedschaft verarbeitet und gespeichert.<\/p>\n<h2><strong>\u00a7 11 Rechnungslegung<\/strong><\/h2>\n<p>(1) Das Gesch\u00e4ftsjahr ist das Kalenderjahr. Die Bestimmungen des Rechts \u00fcber die<br \/>\nGemeinn\u00fctzigkeit sind zu beachten.<br \/>\n(2) Zum Schluss eines jeden Gesch\u00e4ftsjahres hat der Vorstand einen<br \/>\nJahresabschluss aufzustellen. Zusammen mit dem Jahresabschluss ist ein<br \/>\nGesch\u00e4ftsbericht und ein Bericht des Kassiers und des Rechnungspr\u00fcfers der<br \/>\nMitgliederversammlung vorzulegen.<\/p>\n<h2><strong>\u00a7 12 Gemeinn\u00fctzigkeit<\/strong><\/h2>\n<p>Der Verein verfolgt die Gemeinn\u00fctzigkeit zum Zwecke des \u00a7 2 ausschlie\u00dflich und<br \/>\nunmittelbar im Sinne der Gemeinn\u00fctzigkeitsverordnung. Er erstrebt keinen Gewinn.<br \/>\nEtwaige \u00dcbersch\u00fcsse d\u00fcrfen nur f\u00fcr die satzungsm\u00e4\u00dfigen Zwecke verwendet<br \/>\nwerden.<br \/>\nDie Mitglieder haben keinen pers\u00f6nlichen Anspruch auf das Vereinsverm\u00f6gen und<br \/>\nerhalten keine Gewinnanteile, weder bei ihrem Ausscheiden, noch bei der Aufl\u00f6sung,<br \/>\nVerschmelzung oder Aufhebung des Vereins. Sie erhalten in ihrer Eigenschaft als<br \/>\nMitglieder auch keine sonstigen Zuwendungen aus Mitteln des Vereins. Der Verein<br \/>\ndarf keine Person durch Verwaltungsaufgaben, die seinem Zweck fremd sind, oder<br \/>\ndurch unverh\u00e4ltnism\u00e4\u00dfig hohe Verg\u00fctungen beg\u00fcnstigen.<\/p>\n<h2><strong>\u00a7 13 Aufl\u00f6sung<\/strong><\/h2>\n<p>(1) Die Aufl\u00f6sung des Vereins kann nur in einer Mitgliederversammlung mit einer 2\/3<br \/>\nStimmenmehrheit beschlossen werden. Sofern die Mitgliederversammlung nichts<br \/>\nanderes beschlie\u00dft, ist der erste Vorsitzende der vertretungsberechtigte Liquidator.<br \/>\n(2) Das nach Beendigung der Liquidation vorhandene Vereinsverm\u00f6gen f\u00e4llt<br \/>\ngemeinn\u00fctzigen Zwecken innerhalb der Gemeinde Eching zu.<\/p>\n<h2><strong>\u00a7 14 Haftung des Vereins<\/strong><\/h2>\n<p>Die Haftung des Vereins ist auf sein Verm\u00f6gen beschr\u00e4nkt und die Haftung der<br \/>\nMitglieder auf die von ihnen nach \u00a7 5 dieser Satzung geschuldeten Beitr\u00e4ge.<br \/>\nDie vorliegende Satzung wurde in der Versammlung vom 25.02.2016 gebilligt.<\/p>\n","protected":false},"excerpt":{"rendered":"<p>Satzung \u201eB\u00fcrger f\u00fcr Eching e.V.\u201c &nbsp; \u00a7 1 Name und Sitz (1) Der gegr\u00fcndete Verein tr\u00e4gt den Namen: \u201cB\u00fcrger f\u00fcr Eching e.V.\u201c (abgek\u00fcrzt BfE). Er ist eingetragen im Vereinsregister des Amtsgerichts M\u00fcnchen unter der Nummer: VR 203066 (2) Er hat seinen Sitz in der Gemeinde 85386 Eching \u00a7 2 Zweck und Ziel Der Verein \u201cB\u00fcrger &hellip; <\/p>\n<p><a class=\"more-link btn\" href=\"https:\/\/new.buerger-fuer-eching.de\/?page_id=84\">Weiterlesen<\/a><\/p>\n","protected":false},"author":2,"featured_media":0,"parent":12,"menu_order":0,"comment_status":"open","ping_status":"open","template":"","meta":{"footnotes":""},"class_list":["post-84","page","type-page","status-publish","hentry","nodate","item-wrap"],"_links":{"self":[{"href":"https:\/\/new.buerger-fuer-eching.de\/index.php?rest_route=\/wp\/v2\/pages\/84","targetHints":{"allow":["GET"]}}],"collection":[{"href":"https:\/\/new.buerger-fuer-eching.de\/index.php?rest_route=\/wp\/v2\/pages"}],"about":[{"href":"https:\/\/new.buerger-fuer-eching.de\/index.php?rest_route=\/wp\/v2\/types\/page"}],"author":[{"embeddable":true,"href":"https:\/\/new.buerger-fuer-eching.de\/index.php?rest_route=\/wp\/v2\/users\/2"}],"replies":[{"embeddable":true,"href":"https:\/\/new.buerger-fuer-eching.de\/index.php?rest_route=%2Fwp%2Fv2%2Fcomments&post=84"}],"version-history":[{"count":8,"href":"https:\/\/new.buerger-fuer-eching.de\/index.php?rest_route=\/wp\/v2\/pages\/84\/revisions"}],"predecessor-version":[{"id":515,"href":"https:\/\/new.buerger-fuer-eching.de\/index.php?rest_route=\/wp\/v2\/pages\/84\/revisions\/515"}],"up":[{"embeddable":true,"href":"https:\/\/new.buerger-fuer-eching.de\/index.php?rest_route=\/wp\/v2\/pages\/12"}],"wp:attachment":[{"href":"https:\/\/new.buerger-fuer-eching.de\/index.php?rest_route=%2Fwp%2Fv2%2Fmedia&parent=84"}],"curies":[{"name":"wp","href":"https:\/\/api.w.org\/{rel}","templated":true}]}}