{"id":439,"date":"2016-02-07T13:37:04","date_gmt":"2016-02-07T13:37:04","guid":{"rendered":"http:\/\/new.buerger-fuer-eching.de\/?page_id=439"},"modified":"2026-02-14T17:28:09","modified_gmt":"2026-02-14T16:28:09","slug":"termine-2","status":"publish","type":"page","link":"https:\/\/new.buerger-fuer-eching.de\/?page_id=439","title":{"rendered":"Termine"},"content":{"rendered":"\n<p>&nbsp;<\/p>\n\n\n\n<h3 class=\"wp-block-heading\">Montagstreffen der B\u00fcrger f\u00fcr Eching im Altenservicezentrum, Eching<\/h3>\n\n\n\n<p>2026 an jeden zweiten Montag im Monat (bei Feiertagen oder in den Ferien eine\/zwei Wochen sp\u00e4ter)<\/p>\n\n\n\n<h4 class=\"wp-block-heading\">12. Januar 2026, 19:00 h<\/h4>\n\n\n\n<h4 class=\"wp-block-heading\">09. Februar 2026, 19:00 h<\/h4>\n\n\n\n<h4 class=\"wp-block-heading\">09. M\u00e4rz 2026, 19:00 h<\/h4>\n\n\n\n<h4 class=\"wp-block-heading\">13. April 2026, 19:00 h<\/h4>\n\n\n\n<h4 class=\"wp-block-heading\">11. Mai 2026, 19.00 h<\/h4>\n\n\n\n<h4 class=\"wp-block-heading\">08. Juni 2026, 19:00 h<\/h4>\n\n\n\n<h4 class=\"wp-block-heading\">13. Juli 2026, 19:00 h<\/h4>\n\n\n\n<h4 class=\"wp-block-heading\">August 2026 &#8211; Sommerpause<\/h4>\n\n\n\n<h4 class=\"wp-block-heading\">14. September 2026, 19:00 h<\/h4>\n\n\n\n<h4 class=\"wp-block-heading\">12. Oktober 2026, 19:00 h<\/h4>\n\n\n\n<h4 class=\"wp-block-heading\">09. November 2026, 19:00 h<\/h4>\n\n\n\n<h4 class=\"wp-block-heading\">14. Dezember 2026, 19:00 h<br><\/h4>\n\n\n\n<p><\/p>\n\n\n\n<h4 class=\"wp-block-heading\">M\u00f6chten Sie mit uns \u00fcber Themen in und um Eching sprechen? Dann kommen Sie doch einfach mal zu unserer offenen Gespr\u00e4chsrunde.&nbsp; Jeder interessierte B\u00fcrger und jede interessierte B\u00fcrgerin ist bei uns herzlich willkommen.<\/h4>\n\n\n\n<h4 class=\"wp-block-heading\">Sonstige Termine<\/h4>\n\n\n\n<h4 class=\"wp-block-heading\">19.02.2026 19:00 h &#8211; Alten-Service-Zentrum (ASZ)<\/h4>\n\n\n\n<p>&#8222;Geb\u00e4ude heizen ohne \u00d6l und Gas &#8211; wie es in unserer Gemeinde geht&#8220;<br>Vortrag von Vaclav Motlik &#8211; Projekt Fr\u00fchlingsw\u00e4rme.<\/p>\n\n\n\n<figure class=\"wp-block-image size-full is-resized\"><img loading=\"lazy\" decoding=\"async\" width=\"597\" height=\"821\" src=\"https:\/\/new.buerger-fuer-eching.de\/wp-content\/uploads\/2026\/02\/Plakat-Waermefruehling.png\" alt=\"\" class=\"wp-image-1352\" style=\"aspect-ratio:0.7271706444368314;width:119px;height:auto\" srcset=\"https:\/\/new.buerger-fuer-eching.de\/wp-content\/uploads\/2026\/02\/Plakat-Waermefruehling.png 597w, https:\/\/new.buerger-fuer-eching.de\/wp-content\/uploads\/2026\/02\/Plakat-Waermefruehling-218x300.png 218w\" sizes=\"auto, (max-width: 597px) 100vw, 597px\" \/><\/figure>\n\n\n\n<h2 class=\"wp-block-heading has-regular-font-size\">21.02.2026.  von 14:00 bis 17:00 Uhr <\/h2>\n\n\n\n<p class=\"has-regular-font-size\" style=\"font-style:normal;font-weight:400\">Nachbarschaftsbesuche<br>Ort: Dietersheim vom B\u00fcrgersaal<\/p>\n\n\n\n<h4 class=\"wp-block-heading\">26.02.2026 um 19:00 Uhr &#8211; Alten-Service-Zentrum (ASZ)<\/h4>\n\n\n\n<p>&#8222;B\u00fcrgerbeteiligung in der Kommunalpolitik&#8220;<br>Vortrag von Simon Erdmenger<\/p>\n\n\n\n<figure class=\"wp-block-image size-full is-resized\"><a href=\"https:\/\/new.buerger-fuer-eching.de\/wp-content\/uploads\/2026\/02\/Plakat-Buergerbeteiligung.png\"><img loading=\"lazy\" decoding=\"async\" width=\"585\" height=\"827\" src=\"https:\/\/new.buerger-fuer-eching.de\/wp-content\/uploads\/2026\/02\/Plakat-Buergerbeteiligung.png\" alt=\"\" class=\"wp-image-1353\" style=\"aspect-ratio:0.7073894231677593;width:118px;height:auto\" srcset=\"https:\/\/new.buerger-fuer-eching.de\/wp-content\/uploads\/2026\/02\/Plakat-Buergerbeteiligung.png 585w, https:\/\/new.buerger-fuer-eching.de\/wp-content\/uploads\/2026\/02\/Plakat-Buergerbeteiligung-212x300.png 212w\" sizes=\"auto, (max-width: 585px) 100vw, 585px\" \/><\/a><\/figure>\n\n\n\n<h2 class=\"wp-block-heading has-regular-font-size\">25.02.26 um 19:00 Uhr<\/h2>\n\n\n\n<p>Podiumsdiskussion zur B\u00fcrgermeisterwahl<br> Ort: Echinger B\u00fcrgerhaus  <\/p>\n\n\n\n<h4 class=\"wp-block-heading\">28.02.2026. von 14:00 bis 17:00 Uhr<\/h4>\n\n\n\n<p>Nachbarschaftsbesuche<br>Ort: Am Anger &#8211; Gr\u00fcnfl\u00e4che der Anne-Frank-Stra\u00dfe<\/p>\n","protected":false},"excerpt":{"rendered":"<p>&nbsp; Montagstreffen der B\u00fcrger f\u00fcr Eching im Altenservicezentrum, Eching 2026 an jeden zweiten Montag im Monat (bei Feiertagen oder in den Ferien eine\/zwei Wochen sp\u00e4ter) 12. Januar 2026, 19:00 h 09. Februar 2026, 19:00 h 09. M\u00e4rz 2026, 19:00 h 13. April 2026, 19:00 h 11. Mai 2026, 19.00 h 08. Juni 2026, 19:00 h &hellip; <\/p>\n<p><a class=\"more-link btn\" href=\"https:\/\/new.buerger-fuer-eching.de\/?page_id=439\">Weiterlesen<\/a><\/p>\n","protected":false},"author":2,"featured_media":0,"parent":0,"menu_order":0,"comment_status":"open","ping_status":"open","template":"","meta":{"footnotes":""},"class_list":["post-439","page","type-page","status-publish","hentry","nodate","item-wrap"],"_links":{"self":[{"href":"https:\/\/new.buerger-fuer-eching.de\/index.php?rest_route=\/wp\/v2\/pages\/439","targetHints":{"allow":["GET"]}}],"collection":[{"href":"https:\/\/new.buerger-fuer-eching.de\/index.php?rest_route=\/wp\/v2\/pages"}],"about":[{"href":"https:\/\/new.buerger-fuer-eching.de\/index.php?rest_route=\/wp\/v2\/types\/page"}],"author":[{"embeddable":true,"href":"https:\/\/new.buerger-fuer-eching.de\/index.php?rest_route=\/wp\/v2\/users\/2"}],"replies":[{"embeddable":true,"href":"https:\/\/new.buerger-fuer-eching.de\/index.php?rest_route=%2Fwp%2Fv2%2Fcomments&post=439"}],"version-history":[{"count":44,"href":"https:\/\/new.buerger-fuer-eching.de\/index.php?rest_route=\/wp\/v2\/pages\/439\/revisions"}],"predecessor-version":[{"id":1359,"href":"https:\/\/new.buerger-fuer-eching.de\/index.php?rest_route=\/wp\/v2\/pages\/439\/revisions\/1359"}],"wp:attachment":[{"href":"https:\/\/new.buerger-fuer-eching.de\/index.php?rest_route=%2Fwp%2Fv2%2Fmedia&parent=439"}],"curies":[{"name":"wp","href":"https:\/\/api.w.org\/{rel}","templated":true}]}}