{"id":135,"date":"2015-09-22T14:31:58","date_gmt":"2015-09-22T14:31:58","guid":{"rendered":"http:\/\/new.buerger-fuer-eching.de\/?page_id=135"},"modified":"2016-02-07T12:10:38","modified_gmt":"2016-02-07T12:10:38","slug":"umwelt-und-energie","status":"publish","type":"page","link":"https:\/\/new.buerger-fuer-eching.de\/?page_id=135","title":{"rendered":"Umwelt und Energie"},"content":{"rendered":"<p>Galten wir jahrelang als Abfalleimer der Region, umgeben von Negativeinrichtungen, so konnten doch, auch infolge des Engagements der B\u00fcrgerinnen und B\u00fcrger, weitere negative Einrichtungen wie die M\u00fclldeponie bei G\u00fcnzenhausen oder der Truppen\u00fcbungsplatz abgewendet werden und es beginnt sich generell eine Aufwertung des M\u00fcnchner Nordens abzuzeichnen.<\/p>\n<p>Andererseits kann nicht \u00fcbersehen werden, dass wir durch die Bundesautobahnen und den Durchgangsverkehr auf der Staatstra\u00dfe 2053 massiven Umweltbelastungen ausgesetzt sind, verst\u00e4rkt noch durch das N\u00e4herr\u00fccken des Flugverkehrs.<\/p>\n<p>Die Umwelt ist ein sehr hohes Gut f\u00fcr nachfolgende Generationen und ist unbedingt zu sch\u00fctzen. Daher sind alle Einschnitte in die Natur mit Bedacht zu w\u00e4hlen und ist sich ggf. f\u00fcr den Naturschutz zu entscheiden.<\/p>\n<p>Die Energieversorgung ist in der Gemeinde derzeit durch fossile Energietr\u00e4ger gepr\u00e4gt. Hier ist auf eine umweltvertr\u00e4gliche Energieversorgung umzustellen. Das Potenzial des Biomasseheizwerkes Neufahrn ist weiter auszusch\u00f6pfen. Des Weiteren ist die W\u00e4rmeversorgung bei Neubaugebieten gemeinschaftlich zu l\u00f6sen.<\/p>\n<p>&nbsp;<\/p>\n<h3><strong>Unsere Ziele<\/strong><\/h3>\n<ul>\n<li>Die nat\u00fcrlichen Lebensgrundlagen m\u00fcssen f\u00fcr die nachfolgenden Generationen bewahrt werden.<\/li>\n<li>In der\u00a0Bauleitplanung muss die\u00a0Fl\u00e4chennutzung \u00f6kologisch vertr\u00e4glich angelegt sein, der Fl\u00e4chenverbrauch sparsam sein und \u00f6kologische Standards Anwendung finden.<\/li>\n<li>Entsprechend den Vorgaben der Bayerischen Staatsregierung soll die Nutzung regenerativer Energien wie Grundwasser, Solarenergie und anderer Alternativen angewendet werden. Energieversorgung durch 100% Erneuerbare Energien bis 2025.<\/li>\n<li>Konsequenter Grundwasserschutz und Verbesserung in den Bereichen Luftqualit\u00e4t\u00a0und L\u00e4rmschutz.<\/li>\n<li>Naturnahe Erholungsfl\u00e4chen und Landschaftsschutzgebiete sollen gesch\u00fctzt werden.<\/li>\n<li>Umweltberatung und Umweltbildung soll zum Angebot f\u00fcr die B\u00fcrger werden.<\/li>\n<li>Die Heidefl\u00e4chen sollen naturnah erhalten bleiben.<\/li>\n<li>Die Landschaft um den Hollerner See soll als naturnahes Erholungsgebiet mit Aufenthaltsqualit\u00e4t f\u00fcr die B\u00fcrger der anliegenden Gemeinden erhalten bzw. gestaltet werden.<\/li>\n<\/ul>\n<p>&nbsp;<\/p>\n<h3><strong> Unsere Ideen<\/strong><\/h3>\n<ul>\n<li>Umweltberatung von Hausbesitzern, Mietern und Kleinunternehmen in Fragen von Abfallvermeidung, Energieeinsparung und regenerativen Energien.<\/li>\n<li>Einf\u00fchrung eines Energiesparf\u00f6rderprogramms.<\/li>\n<li>Nahw\u00e4rmenetz f\u00fcr gemeindliche und Gro\u00dfimmobilien im Ortsteil Eching aufbauen.<\/li>\n<li>Bei Neubaugebieten Bauherrenmodelle f\u00fcr gemeinschaftliche Energieversorgung erm\u00f6glichen. z.B.: BHKW oder Grundwasserw\u00e4rmenutzung.<\/li>\n<\/ul>\n<p>&nbsp;<\/p>\n<p><strong>\u00a0<\/strong><\/p>\n","protected":false},"excerpt":{"rendered":"<p>Galten wir jahrelang als Abfalleimer der Region, umgeben von Negativeinrichtungen, so konnten doch, auch infolge des Engagements der B\u00fcrgerinnen und B\u00fcrger, weitere negative Einrichtungen wie die M\u00fclldeponie bei G\u00fcnzenhausen oder der Truppen\u00fcbungsplatz abgewendet werden und es beginnt sich generell eine Aufwertung des M\u00fcnchner Nordens abzuzeichnen. Andererseits kann nicht \u00fcbersehen werden, dass wir durch die Bundesautobahnen &hellip; <\/p>\n<p><a class=\"more-link btn\" href=\"https:\/\/new.buerger-fuer-eching.de\/?page_id=135\">Weiterlesen<\/a><\/p>\n","protected":false},"author":2,"featured_media":0,"parent":38,"menu_order":0,"comment_status":"open","ping_status":"open","template":"","meta":{"footnotes":""},"class_list":["post-135","page","type-page","status-publish","hentry","nodate","item-wrap"],"_links":{"self":[{"href":"https:\/\/new.buerger-fuer-eching.de\/index.php?rest_route=\/wp\/v2\/pages\/135","targetHints":{"allow":["GET"]}}],"collection":[{"href":"https:\/\/new.buerger-fuer-eching.de\/index.php?rest_route=\/wp\/v2\/pages"}],"about":[{"href":"https:\/\/new.buerger-fuer-eching.de\/index.php?rest_route=\/wp\/v2\/types\/page"}],"author":[{"embeddable":true,"href":"https:\/\/new.buerger-fuer-eching.de\/index.php?rest_route=\/wp\/v2\/users\/2"}],"replies":[{"embeddable":true,"href":"https:\/\/new.buerger-fuer-eching.de\/index.php?rest_route=%2Fwp%2Fv2%2Fcomments&post=135"}],"version-history":[{"count":3,"href":"https:\/\/new.buerger-fuer-eching.de\/index.php?rest_route=\/wp\/v2\/pages\/135\/revisions"}],"predecessor-version":[{"id":397,"href":"https:\/\/new.buerger-fuer-eching.de\/index.php?rest_route=\/wp\/v2\/pages\/135\/revisions\/397"}],"up":[{"embeddable":true,"href":"https:\/\/new.buerger-fuer-eching.de\/index.php?rest_route=\/wp\/v2\/pages\/38"}],"wp:attachment":[{"href":"https:\/\/new.buerger-fuer-eching.de\/index.php?rest_route=%2Fwp%2Fv2%2Fmedia&parent=135"}],"curies":[{"name":"wp","href":"https:\/\/api.w.org\/{rel}","templated":true}]}}