{"id":131,"date":"2015-09-22T14:31:24","date_gmt":"2015-09-22T14:31:24","guid":{"rendered":"http:\/\/new.buerger-fuer-eching.de\/?page_id=131"},"modified":"2023-12-02T15:12:07","modified_gmt":"2023-12-02T14:12:07","slug":"kultur-und-begegnung","status":"publish","type":"page","link":"https:\/\/new.buerger-fuer-eching.de\/?page_id=131","title":{"rendered":"Kultur und Begegnung"},"content":{"rendered":"<p>Der Erhalt und der Ausbau von Kulturangeboten ist f\u00fcr uns von gro\u00dfem Interesse.<br \/>\nDas bisherige kulturelle Angebot in Eching kann sich durchaus sehen lassen, aber es geht sicher noch mehr.<br \/>\nUnter Kultur verstehen wir Musikalische Darbietungen, Lesungen, Ausstellungen, Theater, Kabarett, usw.<\/p>\n<p>An den folgenden Orten fanden und finden kulturelle Begegnungen statt:<br \/>\n&#8211; im <strong>B\u00fcrgerhaus<\/strong> &#8211; das Programm wird aktuell bekanntgegeben<br \/>\n&#8211; in der <strong>Musikschule<\/strong> &#8211; Vorspiele und Kinderkonzerte<br \/>\n&#8211; im <strong>Alten- und Service-Zentrum<\/strong> \/ MehrgenerationenHaus<br \/>\n&#8211; in der <strong>VHS Eching<\/strong> &#8211; siehe VHS-Programm<br \/>\n&#8211; im <strong>Tennisheim<\/strong> &#8211; \u201eMusikerstammtisch\u201c jeden 1. Mittwoch im Monat und Musikveranstaltungen<\/p>\n<p>2015 wurde der Verein <strong>Kulturforum<\/strong> e.V. gegr\u00fcndet und unterst\u00fctzt viele der kulturellen Aktionen.<br \/>\nMehr Info: <a href=\"http:\/\/www.kulturforum-eching.de\/\">http:\/\/www.<strong>kulturforum-eching.de<\/strong>\/<\/a><\/p>\n<p><strong>Unsere Ziele sind:<br \/>\n<\/strong>1. Ein breites Kulturangebot zu f\u00f6rdern.<br \/>\n2. Den B\u00fcrgerplatz in die zuk\u00fcnftigen Planungen als Kultur- und Begegnungsort mit einzubeziehen.<br \/>\n3. Die Mehrfachnutzung vorhandener R\u00e4umlichkeiten zu unterst\u00fctzen.<br \/>\n4. Kulturelle Veranstaltungen in Einzelf\u00e4llen an unseren beiden wundersch\u00f6nen Seen<br \/>\nmit Genehmigung der Gemeinde zu erm\u00f6glichen.<br \/>\n5. Eine bessere Zusammenarbeit der Gemeinde mit den Vereinen und deren F\u00f6rderung.<\/p>\n<p><strong>Was haben wir bisher erreicht: <\/strong><br \/>\n&#8211; Mitglieder im Kulturforum sind Michaela Holzer und Manfred Wutz. Sie unterst\u00fctzen bei Veranstaltungen des Kulturforums.<\/p>\n<p>-Seit 2012 findet j\u00e4hrlich das Hollerner Seefest statt \u2013 mit Ausnahme der Jahre 2020, \u00a02021 und 2023. Organisiert wurden alle Feste ma\u00dfgeblich von unseren Mitgliedern Sylvia Jung, Caroline Schwarz und Michaela Holzer. Bei der Durchf\u00fchrung haben viele unserer Mitglieder immer kr\u00e4ftig mitgeholfen. Die musikalische Unterhaltung haben bei 8 von 9 Festen Josef Holzer und Freunde \u00fcbernommen.<\/p>\n<p>-J\u00e4hrliche Teilnahme bei der Aktion des Jugendzentrums zum Weltkindertag.<\/p>\n<p>&#8211; Michaela Holzer und Manfred Wutz sind als Gemeinder\u00e4te in allen Entscheidungen der Gemeinde rund um das Thema Kultur- und Vereinsf\u00f6rderung eingebunden.<\/p>\n<p>Text: Josef Holzer<\/p>\n","protected":false},"excerpt":{"rendered":"<p>Der Erhalt und der Ausbau von Kulturangeboten ist f\u00fcr uns von gro\u00dfem Interesse. Das bisherige kulturelle Angebot in Eching kann sich durchaus sehen lassen, aber es geht sicher noch mehr. Unter Kultur verstehen wir Musikalische Darbietungen, Lesungen, Ausstellungen, Theater, Kabarett, usw. An den folgenden Orten fanden und finden kulturelle Begegnungen statt: &#8211; im B\u00fcrgerhaus &#8211; &hellip; <\/p>\n<p><a class=\"more-link btn\" href=\"https:\/\/new.buerger-fuer-eching.de\/?page_id=131\">Weiterlesen<\/a><\/p>\n","protected":false},"author":2,"featured_media":0,"parent":38,"menu_order":0,"comment_status":"open","ping_status":"open","template":"","meta":{"footnotes":""},"class_list":["post-131","page","type-page","status-publish","hentry","nodate","item-wrap"],"_links":{"self":[{"href":"https:\/\/new.buerger-fuer-eching.de\/index.php?rest_route=\/wp\/v2\/pages\/131","targetHints":{"allow":["GET"]}}],"collection":[{"href":"https:\/\/new.buerger-fuer-eching.de\/index.php?rest_route=\/wp\/v2\/pages"}],"about":[{"href":"https:\/\/new.buerger-fuer-eching.de\/index.php?rest_route=\/wp\/v2\/types\/page"}],"author":[{"embeddable":true,"href":"https:\/\/new.buerger-fuer-eching.de\/index.php?rest_route=\/wp\/v2\/users\/2"}],"replies":[{"embeddable":true,"href":"https:\/\/new.buerger-fuer-eching.de\/index.php?rest_route=%2Fwp%2Fv2%2Fcomments&post=131"}],"version-history":[{"count":6,"href":"https:\/\/new.buerger-fuer-eching.de\/index.php?rest_route=\/wp\/v2\/pages\/131\/revisions"}],"predecessor-version":[{"id":1023,"href":"https:\/\/new.buerger-fuer-eching.de\/index.php?rest_route=\/wp\/v2\/pages\/131\/revisions\/1023"}],"up":[{"embeddable":true,"href":"https:\/\/new.buerger-fuer-eching.de\/index.php?rest_route=\/wp\/v2\/pages\/38"}],"wp:attachment":[{"href":"https:\/\/new.buerger-fuer-eching.de\/index.php?rest_route=%2Fwp%2Fv2%2Fmedia&parent=131"}],"curies":[{"name":"wp","href":"https:\/\/api.w.org\/{rel}","templated":true}]}}