{"id":80,"date":"2015-09-09T14:05:34","date_gmt":"2015-09-09T14:05:34","guid":{"rendered":"http:\/\/new.buerger-fuer-eching.de\/?page_id=80"},"modified":"2025-12-21T17:08:41","modified_gmt":"2025-12-21T16:08:41","slug":"tagespresse","status":"publish","type":"page","link":"https:\/\/new.buerger-fuer-eching.de\/?page_id=80","title":{"rendered":"Tagespresse"},"content":{"rendered":"\n<p><\/p>\n\n\n\n<h3 class=\"wp-block-heading\">B\u00fcgerbefragung zu PV-Anlage am Echinger See abgelehnt<\/h3>\n\n\n\n<p><\/p>\n\n\n\n<p>Liebe Leserinnen und Leser,<br>in der Gemeinderatssitzung am 25. November wurden unsere zwei Antr\u00e4ge zu den<br>Paketstationen und der B\u00fcrgerbefragung zur PV-Freifl\u00e4chenanlage am Hollerner See<br>behandelt. Der Antrag zu den Paketstationen wurde vom Rat mit zwei<br>Gegenstimmen angenommen. Die Verwaltung ist nun am Zug, mit Betreibern von<br>Paketstationen zu sprechen und geeignete Standorte f\u00fcr Paketstationen zu finden.<br>Der zweite Antrag zur B\u00fcrgerbefragung wurde leider von der Mehrheit des Rats mit<br>5:19 abgelehnt. Wir bedauern sehr, dass die meisten Gemeinder\u00e4te keine<br>zus\u00e4tzliche B\u00fcrgerbeteiligung f\u00fcr eine so bedeutende Fl\u00e4che zulassen wollen. Die<br>Begr\u00fcndungen f\u00fcr die Ablehnung, wie zum Beispiel \u201eWir sind der Gemeinderat\u201c oder<br>\u201eder Antrag kommt zu sp\u00e4t\u201c waren aus unserer Sicht nicht nachvollziehbar. Auch das<br>Argument, dass bei einer B\u00fcrgerbefragung vielleicht nur wenige B\u00fcrger abstimmen<br>und diese dann entscheiden, ist nicht haltbar. Im Gemeinderat sitzen nur 24<br>Personen, die Entscheidungen treffen! Au\u00dferdem k\u00f6nnte eine Mindestanzahl von<br>Stimmen festgelegt werden. Man sieht \u00fcbrigens an der Abstimmung zum<br>B\u00fcrgerhaushalt 2025 \u2013 970 Teilnehmer! -, dass gro\u00dfes Interesse an einer Beteiligung<br>vorhanden ist.<br>Auch der Einwand der Verwaltung, dass mit der B\u00fcrgerenergiegenossenschaft (BEG)<br>Freising bereits ein Vertrag abgeschlossen sei und Schadensersatzanspr\u00fcche auf<br>die Gemeinde zukommen k\u00f6nnten, ist u.E. nicht richtig. Es gibt eine<br>K\u00fcndigungs-\/R\u00fccktrittsklausel, solange der Bebauungsplan nicht rechtskr\u00e4ftig ist. Es<br>k\u00f6nnten sich auch bei der \u00f6ffentlichen Auslegung des Bebauungsplans Einw\u00e4nde<br>ergeben, die das Projekt stoppen.<br>Unser Bestreben bleibt weiter eine erweiterte B\u00fcrgerbeteiligung bei wichtigen<br>Themen. Gerne k\u00f6nnen Sie uns Ihre Meinung \u00fcber info@buerger-fuer-eching.de<br>mitteilen.<br>Am 08. M\u00e4rz 2026 findet die Kommunalwahl in Bayern statt. Zus\u00e4tzlich zu unserer<br>Gemeinderatsliste mit der Echinger Mitte und der \u00d6DP kandidieren zwei Mitglieder<br>der B\u00fcrger f\u00fcr Eching &#8211; Manfred Wutz (Platz 12) und Cora Schiemenz (Platz 45) &#8211; auf<br>der Kreistagsliste der \u00d6DP. Die Gemeinde zahlt jedes Jahr ca. 15 Mio. \u20ac Kreisumlage<br>(9,1 %) und ist aktuell im Kreistag mit nur zwei Sitze (2,9 %) vertreten. Die<br>Beteiligung unserer B\u00fcrgermeisterkandidaten l\u00e4sst sehr zu w\u00fcnschen \u00fcbrig. Mit den<br>Pl\u00e4tzen 13 Viktor Weizenegger (SPD), 20 Michael Steigerwald (CSU), 22 Christoph<br>G\u00fcrtner (FW) und 24 Eric Jakob (Gr\u00fcne) auf den jeweiligen Listen wird ab Mai 2026<br>voraussichtlich der neue Echinger B\u00fcrgermeister nicht im Kreistag vertreten sein. Nur<br>Esma Gelis (Platz 3, SPD) und Leon Eckert (Platz 6, Gr\u00fcne) haben aussichtsreiche<br>Listenpl\u00e4tze, um in den n\u00e4chsten Kreistag einzuziehen. Um weitere Echinger in den<br>Kreistag zu bringen, bitte ich Sie, von der M\u00f6glichkeit Gebrauch zu machen,<br>Kandidaten vorzuw\u00e4hlen.<br>Unser n\u00e4chstes Monatstreffen findet am Montag, den 12.01.2026 um 19.00 Uhr im<br>ASZ\/Cafe Central statt. Wir freuen uns \u00fcber Interessierte, die mit uns \u00fcber aktuelle<br>Themen diskutieren wollen.<br>Manfred Wutz<\/p>\n\n\n\n<p>Manfred Wutz<\/p>\n\n\n\n<h5 class=\"wp-block-heading has-text-align-left\"><\/h5>\n\n\n\n<p><\/p>\n","protected":false},"excerpt":{"rendered":"<p>B\u00fcgerbefragung zu PV-Anlage am Echinger See abgelehnt Liebe Leserinnen und Leser,in der Gemeinderatssitzung am 25. November wurden unsere zwei Antr\u00e4ge zu denPaketstationen und der B\u00fcrgerbefragung zur PV-Freifl\u00e4chenanlage am Hollerner Seebehandelt. Der Antrag zu den Paketstationen wurde vom Rat mit zweiGegenstimmen angenommen. Die Verwaltung ist nun am Zug, mit Betreibern vonPaketstationen zu sprechen und geeignete Standorte &hellip; <\/p>\n<p><a class=\"more-link btn\" href=\"https:\/\/new.buerger-fuer-eching.de\/?page_id=80\">Weiterlesen<\/a><\/p>\n","protected":false},"author":2,"featured_media":0,"parent":34,"menu_order":0,"comment_status":"open","ping_status":"open","template":"","meta":{"footnotes":""},"class_list":["post-80","page","type-page","status-publish","hentry","nodate","item-wrap"],"_links":{"self":[{"href":"https:\/\/new.buerger-fuer-eching.de\/index.php?rest_route=\/wp\/v2\/pages\/80","targetHints":{"allow":["GET"]}}],"collection":[{"href":"https:\/\/new.buerger-fuer-eching.de\/index.php?rest_route=\/wp\/v2\/pages"}],"about":[{"href":"https:\/\/new.buerger-fuer-eching.de\/index.php?rest_route=\/wp\/v2\/types\/page"}],"author":[{"embeddable":true,"href":"https:\/\/new.buerger-fuer-eching.de\/index.php?rest_route=\/wp\/v2\/users\/2"}],"replies":[{"embeddable":true,"href":"https:\/\/new.buerger-fuer-eching.de\/index.php?rest_route=%2Fwp%2Fv2%2Fcomments&post=80"}],"version-history":[{"count":7,"href":"https:\/\/new.buerger-fuer-eching.de\/index.php?rest_route=\/wp\/v2\/pages\/80\/revisions"}],"predecessor-version":[{"id":1243,"href":"https:\/\/new.buerger-fuer-eching.de\/index.php?rest_route=\/wp\/v2\/pages\/80\/revisions\/1243"}],"up":[{"embeddable":true,"href":"https:\/\/new.buerger-fuer-eching.de\/index.php?rest_route=\/wp\/v2\/pages\/34"}],"wp:attachment":[{"href":"https:\/\/new.buerger-fuer-eching.de\/index.php?rest_route=%2Fwp%2Fv2%2Fmedia&parent=80"}],"curies":[{"name":"wp","href":"https:\/\/api.w.org\/{rel}","templated":true}]}}